{"id":127,"date":"2017-12-18T12:07:44","date_gmt":"2017-12-18T12:07:44","guid":{"rendered":"http:\/\/www.ocnichrudim.cz\/?page_id=127"},"modified":"2025-11-06T11:36:37","modified_gmt":"2025-11-06T11:36:37","slug":"masarykovo-namesti","status":"publish","type":"page","link":"https:\/\/www.ocnichrudim.cz\/index.php\/masarykovo-namesti\/","title":{"rendered":"Kontakt &#8211; Masarykovo n\u00e1m\u011bst\u00ed"},"content":{"rendered":"<p style=\"text-align: center;\"><em>Masarykovo n\u00e1m\u011bst\u00ed 296<\/em><br \/>\n<em>Chrudim<\/em><br \/>\n<em>537 01<\/em><\/p>\n<p><img decoding=\"async\" loading=\"lazy\" class=\"alignnone  wp-image-439 aligncenter\" src=\"http:\/\/www.ocnichrudim.cz\/wp-content\/uploads\/2021\/05\/masarykovo-300x196.jpg\" alt=\"\" width=\"395\" height=\"258\" srcset=\"https:\/\/www.ocnichrudim.cz\/wp-content\/uploads\/2021\/05\/masarykovo-300x196.jpg 300w, https:\/\/www.ocnichrudim.cz\/wp-content\/uploads\/2021\/05\/masarykovo-600x391.jpg 600w, https:\/\/www.ocnichrudim.cz\/wp-content\/uploads\/2021\/05\/masarykovo-1024x668.jpg 1024w, https:\/\/www.ocnichrudim.cz\/wp-content\/uploads\/2021\/05\/masarykovo-768x501.jpg 768w, https:\/\/www.ocnichrudim.cz\/wp-content\/uploads\/2021\/05\/masarykovo.jpg 1500w\" sizes=\"(max-width: 395px) 100vw, 395px\" \/><\/p>\n<p><a href=\"https:\/\/mapy.cz\/zakladni?x=15.7887714&amp;y=49.9529811&amp;z=17&amp;source=addr&amp;id=10817975\">https:\/\/mapy.cz\/zakladni?x=15.7887714&amp;y=49.9529811&amp;z=17&amp;source=addr&amp;id=10817975<\/a><\/p>\n<hr \/>\n<p><strong>Telefonn\u00ed \u010d\u00edslo\u00a0 \u00a0:<\/strong><br \/>\n602 346 286 \u2013 sta\u010d\u00ed zavolat pouze jednou, sestra nep\u0159ijat\u00e9 hovory obvol\u00e1v\u00e1<\/p>\n<p>email : chrudim.ocni@seznam.cz<\/p>\n<hr \/>\n<p><strong><span style=\"color: #000000;\">L\u00e9ka\u0159i\u00a0 \u00a0:<\/span><\/strong><br \/>\nPrim\u00e1\u0159 MUDr. Urminsk\u00fd Juraj, Ph.D.<\/p>\n<p>MUDr. Lorencov\u00e1 V\u011bra, Ph.D.<\/p>\n<p>MUDr. Bla\u017eek Ji\u0159\u00ed<\/p>\n<hr \/>\n<p><strong>Sestry\u00a0 :<\/strong><\/p>\n<p>Star\u00e1 Marina<\/p>\n<p>Junasov\u00e1 Jana<\/p>\n<p>Ratmanov\u00e1 Jana<\/p>\n<hr \/>\n<h3><span style=\"color: #000000;\"><strong>Ordina\u010dn\u00ed doba\u00a0 :<\/strong><\/span><\/h3>\n<table style=\"height: 215px;\" border=\"0\" width=\"836\" cellspacing=\"0\" cellpadding=\"0\">\n<tbody>\n<tr>\n<td>Pond\u011bl\u00ed<\/td>\n<td>07:30 &#8211; 15:30<\/td>\n<\/tr>\n<tr>\n<td>\u00dater\u00fd<\/td>\n<td>07:30 &#8211; 15:30<\/td>\n<\/tr>\n<tr>\n<td>St\u0159eda<\/td>\n<td>07:30 &#8211; 15:30<\/td>\n<\/tr>\n<tr>\n<td>\u010ctvrtek<\/td>\n<td>07:30 &#8211; 15:30<\/td>\n<\/tr>\n<tr>\n<td>P\u00e1tek<\/td>\n<td>07:30 &#8211; 14:00<\/td>\n<\/tr>\n<\/tbody>\n<\/table>\n","protected":false},"excerpt":{"rendered":"<p>Masarykovo n\u00e1m\u011bst\u00ed 296 Chrudim 537 01 https:\/\/mapy.cz\/zakladni?x=15.7887714&amp;y=49.9529811&amp;z=17&amp;source=addr&amp;id=10817975 Telefonn\u00ed \u010d\u00edslo\u00a0 \u00a0: 602 346 286 \u2013 sta\u010d\u00ed zavolat pouze jednou, sestra nep\u0159ijat\u00e9 hovory obvol\u00e1v\u00e1 email : chrudim.ocni@seznam.cz L\u00e9ka\u0159i\u00a0 \u00a0: Prim\u00e1\u0159 MUDr. Urminsk\u00fd Juraj, Ph.D. MUDr. Lorencov\u00e1 V\u011bra, Ph.D. MUDr. Bla\u017eek Ji\u0159\u00ed Sestry\u00a0 : Star\u00e1 Marina Junasov\u00e1 Jana Ratmanov\u00e1 Jana Ordina\u010dn\u00ed doba\u00a0 : Pond\u011bl\u00ed 07:30 &#8211; 15:30 \u00dater\u00fd<\/p>\n<div class=\"read-more-wrapper\"><a class=\"read-more\" href=\"https:\/\/www.ocnichrudim.cz\/index.php\/masarykovo-namesti\/\" title=\"Read More\"> <span class=\"button default\">Read More<\/span><\/a><\/div>\n","protected":false},"author":2,"featured_media":0,"parent":0,"menu_order":3,"comment_status":"closed","ping_status":"closed","template":"","meta":{"footnotes":""},"_links":{"self":[{"href":"https:\/\/www.ocnichrudim.cz\/index.php\/wp-json\/wp\/v2\/pages\/127"}],"collection":[{"href":"https:\/\/www.ocnichrudim.cz\/index.php\/wp-json\/wp\/v2\/pages"}],"about":[{"href":"https:\/\/www.ocnichrudim.cz\/index.php\/wp-json\/wp\/v2\/types\/page"}],"author":[{"embeddable":true,"href":"https:\/\/www.ocnichrudim.cz\/index.php\/wp-json\/wp\/v2\/users\/2"}],"replies":[{"embeddable":true,"href":"https:\/\/www.ocnichrudim.cz\/index.php\/wp-json\/wp\/v2\/comments?post=127"}],"version-history":[{"count":35,"href":"https:\/\/www.ocnichrudim.cz\/index.php\/wp-json\/wp\/v2\/pages\/127\/revisions"}],"predecessor-version":[{"id":844,"href":"https:\/\/www.ocnichrudim.cz\/index.php\/wp-json\/wp\/v2\/pages\/127\/revisions\/844"}],"wp:attachment":[{"href":"https:\/\/www.ocnichrudim.cz\/index.php\/wp-json\/wp\/v2\/media?parent=127"}],"curies":[{"name":"wp","href":"https:\/\/api.w.org\/{rel}","templated":true}]}}