{"id":386,"date":"2020-12-02T13:45:49","date_gmt":"2020-12-02T13:45:49","guid":{"rendered":"http:\/\/www.ocnichrudim.cz\/?page_id=386"},"modified":"2026-01-09T06:34:08","modified_gmt":"2026-01-09T06:34:08","slug":"dulezite-informace","status":"publish","type":"page","link":"https:\/\/www.ocnichrudim.cz\/","title":{"rendered":"D\u016fle\u017eit\u00e9 informace"},"content":{"rendered":"\n<hr class=\"wp-block-separator has-alpha-channel-opacity\"\/>\n\n\n\n<div class=\"wp-block-group is-layout-flow wp-block-group-is-layout-flow\"><div class=\"wp-block-group__inner-container\"><div class=\"wp-block-image\">\n<figure class=\"aligncenter size-large is-resized\"><img decoding=\"async\" loading=\"lazy\" width=\"1024\" height=\"519\" src=\"https:\/\/www.ocnichrudim.cz\/wp-content\/uploads\/2024\/05\/Pridat-podnadpis-1024x519.jpg\" alt=\"\" class=\"wp-image-811\" style=\"aspect-ratio:1.9730250481695568;width:534px;height:auto\" srcset=\"https:\/\/www.ocnichrudim.cz\/wp-content\/uploads\/2024\/05\/Pridat-podnadpis-1024x519.jpg 1024w, https:\/\/www.ocnichrudim.cz\/wp-content\/uploads\/2024\/05\/Pridat-podnadpis-300x152.jpg 300w, https:\/\/www.ocnichrudim.cz\/wp-content\/uploads\/2024\/05\/Pridat-podnadpis-768x389.jpg 768w, https:\/\/www.ocnichrudim.cz\/wp-content\/uploads\/2024\/05\/Pridat-podnadpis-600x304.jpg 600w, https:\/\/www.ocnichrudim.cz\/wp-content\/uploads\/2024\/05\/Pridat-podnadpis.jpg 1237w\" sizes=\"(max-width: 1024px) 100vw, 1024px\" \/><\/figure><\/div><\/div><\/div>\n\n\n\n<hr class=\"wp-block-separator has-css-opacity aligncenter is-style-wide\"\/>\n\n\n\n<p class=\"has-text-align-center\"><strong><mark style=\"background-color:rgba(0, 0, 0, 0)\" class=\"has-inline-color has-vivid-red-color\">Telefonn\u00ed \u010d\u00edsla <\/mark>:<\/strong><\/p>\n\n\n\n<p class=\"has-text-align-center\">O\u010dn\u00ed ordinace Masarykovo n\u00e1m\u011bst\u00ed Chrudim :   602 346 286<\/p>\n\n\n\n<p class=\"has-text-align-center\">O\u010dn\u00ed ordinace are\u00e1l chrudimsk\u00e9 nemocnice &#8211; budova \u0159editelstv\u00ed :   602 107 510<\/p>\n\n\n\n<p class=\"has-text-align-center\">Sta\u010d\u00ed volat pouze jednou, sestra se V\u00e1m ozve nazp\u011bt, jak jen to bude mo\u017en\u00e9.<\/p>\n","protected":false},"excerpt":{"rendered":"<p>Telefonn\u00ed \u010d\u00edsla : O\u010dn\u00ed ordinace Masarykovo n\u00e1m\u011bst\u00ed Chrudim : 602 346 286 O\u010dn\u00ed ordinace are\u00e1l chrudimsk\u00e9 nemocnice &#8211; budova \u0159editelstv\u00ed : 602 107 510 Sta\u010d\u00ed volat pouze jednou, sestra se V\u00e1m ozve nazp\u011bt, jak jen to bude mo\u017en\u00e9.<\/p>\n<div class=\"read-more-wrapper\"><a class=\"read-more\" href=\"https:\/\/www.ocnichrudim.cz\/\" title=\"Read More\"> <span class=\"button default\">Read More<\/span><\/a><\/div>\n","protected":false},"author":2,"featured_media":0,"parent":0,"menu_order":0,"comment_status":"closed","ping_status":"closed","template":"","meta":{"footnotes":""},"_links":{"self":[{"href":"https:\/\/www.ocnichrudim.cz\/index.php\/wp-json\/wp\/v2\/pages\/386"}],"collection":[{"href":"https:\/\/www.ocnichrudim.cz\/index.php\/wp-json\/wp\/v2\/pages"}],"about":[{"href":"https:\/\/www.ocnichrudim.cz\/index.php\/wp-json\/wp\/v2\/types\/page"}],"author":[{"embeddable":true,"href":"https:\/\/www.ocnichrudim.cz\/index.php\/wp-json\/wp\/v2\/users\/2"}],"replies":[{"embeddable":true,"href":"https:\/\/www.ocnichrudim.cz\/index.php\/wp-json\/wp\/v2\/comments?post=386"}],"version-history":[{"count":150,"href":"https:\/\/www.ocnichrudim.cz\/index.php\/wp-json\/wp\/v2\/pages\/386\/revisions"}],"predecessor-version":[{"id":847,"href":"https:\/\/www.ocnichrudim.cz\/index.php\/wp-json\/wp\/v2\/pages\/386\/revisions\/847"}],"wp:attachment":[{"href":"https:\/\/www.ocnichrudim.cz\/index.php\/wp-json\/wp\/v2\/media?parent=386"}],"curies":[{"name":"wp","href":"https:\/\/api.w.org\/{rel}","templated":true}]}}